{"id":40,"date":"2018-06-13T16:04:48","date_gmt":"2018-06-13T14:04:48","guid":{"rendered":"http:\/\/alais-yoga.fr\/blog\/?page_id=40"},"modified":"2019-01-02T15:51:48","modified_gmt":"2019-01-02T14:51:48","slug":"contactez-nous","status":"publish","type":"page","link":"https:\/\/alais-yoga.fr\/blog\/contactez-nous\/","title":{"rendered":"Contactez-nous"},"content":{"rendered":"<div role=\"form\" class=\"wpcf7\" id=\"wpcf7-f4-o1\" lang=\"fr-FR\" dir=\"ltr\">\n<div class=\"screen-reader-response\"><p role=\"status\" aria-live=\"polite\" aria-atomic=\"true\"><\/p> <ul><\/ul><\/div>\n<form action=\"\/blog\/wp-json\/wp\/v2\/pages\/40#wpcf7-f4-o1\" method=\"post\" class=\"wpcf7-form init\" novalidate=\"novalidate\" data-status=\"init\">\n<div style=\"display: none;\">\n<input type=\"hidden\" name=\"_wpcf7\" value=\"4\" \/>\n<input type=\"hidden\" name=\"_wpcf7_version\" value=\"5.6\" \/>\n<input type=\"hidden\" name=\"_wpcf7_locale\" value=\"fr_FR\" \/>\n<input type=\"hidden\" name=\"_wpcf7_unit_tag\" value=\"wpcf7-f4-o1\" \/>\n<input type=\"hidden\" name=\"_wpcf7_container_post\" value=\"0\" \/>\n<input type=\"hidden\" name=\"_wpcf7_posted_data_hash\" value=\"\" \/>\n<\/div>\n<p><label> Votre nom (obligatoire)<br \/>\n    <span class=\"wpcf7-form-control-wrap\" data-name=\"your-name\"><input type=\"text\" name=\"your-name\" value=\"\" size=\"40\" class=\"wpcf7-form-control wpcf7-text wpcf7-validates-as-required\" aria-required=\"true\" aria-invalid=\"false\" \/><\/span> <\/label><\/p>\n<p><label> Votre adresse de messagerie (obligatoire)<br \/>\n    <span class=\"wpcf7-form-control-wrap\" data-name=\"your-email\"><input type=\"email\" name=\"your-email\" value=\"\" size=\"40\" class=\"wpcf7-form-control wpcf7-text wpcf7-email wpcf7-validates-as-required wpcf7-validates-as-email\" aria-required=\"true\" aria-invalid=\"false\" \/><\/span> <\/label><\/p>\n<p><label> Objet<br \/>\n    <span class=\"wpcf7-form-control-wrap\" data-name=\"your-subject\"><input type=\"text\" name=\"your-subject\" value=\"\" size=\"40\" class=\"wpcf7-form-control wpcf7-text\" aria-invalid=\"false\" \/><\/span> <\/label><\/p>\n<p><label> Votre message<br \/>\n    <span class=\"wpcf7-form-control-wrap\" data-name=\"your-message\"><textarea name=\"your-message\" cols=\"40\" rows=\"10\" class=\"wpcf7-form-control wpcf7-textarea\" aria-invalid=\"false\"><\/textarea><\/span> <\/label><\/p>\n<p><input type=\"submit\" value=\"Envoyer\" class=\"wpcf7-form-control has-spinner wpcf7-submit\" \/><\/p>\n<div class=\"wpcf7-response-output\" aria-hidden=\"true\"><\/div><\/form><\/div>\n","protected":false},"excerpt":{"rendered":"","protected":false},"author":1,"featured_media":0,"parent":0,"menu_order":0,"comment_status":"closed","ping_status":"closed","template":"","meta":[],"yoast_head":"<!-- This site is optimized with the Yoast SEO plugin v19.1 - https:\/\/yoast.com\/wordpress\/plugins\/seo\/ -->\n<title>Contactez-nous - Le Blog du Bien-\u00eatre et de la spiritualit\u00e9<\/title>\n<meta name=\"robots\" content=\"noindex, follow\" \/>\n<meta property=\"og:locale\" content=\"fr_FR\" \/>\n<meta property=\"og:type\" content=\"article\" \/>\n<meta property=\"og:title\" content=\"Contactez-nous - Le Blog du Bien-\u00eatre et de la spiritualit\u00e9\" \/>\n<meta property=\"og:url\" content=\"https:\/\/alais-yoga.fr\/blog\/contactez-nous\/\" \/>\n<meta property=\"og:site_name\" content=\"Le Blog du Bien-\u00eatre et de la spiritualit\u00e9\" \/>\n<meta property=\"article:modified_time\" content=\"2019-01-02T14:51:48+00:00\" \/>\n<meta name=\"twitter:card\" content=\"summary_large_image\" \/>\n<script type=\"application\/ld+json\" class=\"yoast-schema-graph\">{\"@context\":\"https:\/\/schema.org\",\"@graph\":[{\"@type\":\"WebSite\",\"@id\":\"https:\/\/alais-yoga.fr\/blog\/#website\",\"url\":\"https:\/\/alais-yoga.fr\/blog\/\",\"name\":\"Le Blog du Bien-\u00eatre et de la spiritualit\u00e9\",\"description\":\"Bien-\u00eatre, d\u00e9veloppement personnel, d\u00e9c\u00e8s, sant\u00e9, sport, religion...\",\"potentialAction\":[{\"@type\":\"SearchAction\",\"target\":{\"@type\":\"EntryPoint\",\"urlTemplate\":\"https:\/\/alais-yoga.fr\/blog\/?s={search_term_string}\"},\"query-input\":\"required name=search_term_string\"}],\"inLanguage\":\"fr-FR\"},{\"@type\":\"WebPage\",\"@id\":\"https:\/\/alais-yoga.fr\/blog\/contactez-nous\/#webpage\",\"url\":\"https:\/\/alais-yoga.fr\/blog\/contactez-nous\/\",\"name\":\"Contactez-nous - Le Blog du Bien-\u00eatre et de la spiritualit\u00e9\",\"isPartOf\":{\"@id\":\"https:\/\/alais-yoga.fr\/blog\/#website\"},\"datePublished\":\"2018-06-13T14:04:48+00:00\",\"dateModified\":\"2019-01-02T14:51:48+00:00\",\"breadcrumb\":{\"@id\":\"https:\/\/alais-yoga.fr\/blog\/contactez-nous\/#breadcrumb\"},\"inLanguage\":\"fr-FR\",\"potentialAction\":[{\"@type\":\"ReadAction\",\"target\":[\"https:\/\/alais-yoga.fr\/blog\/contactez-nous\/\"]}]},{\"@type\":\"BreadcrumbList\",\"@id\":\"https:\/\/alais-yoga.fr\/blog\/contactez-nous\/#breadcrumb\",\"itemListElement\":[{\"@type\":\"ListItem\",\"position\":1,\"name\":\"Accueil\",\"item\":\"https:\/\/alais-yoga.fr\/blog\/\"},{\"@type\":\"ListItem\",\"position\":2,\"name\":\"Contactez-nous\"}]}]}<\/script>\n<!-- \/ Yoast SEO plugin. -->","yoast_head_json":{"title":"Contactez-nous - Le Blog du Bien-\u00eatre et de la spiritualit\u00e9","robots":{"index":"noindex","follow":"follow"},"og_locale":"fr_FR","og_type":"article","og_title":"Contactez-nous - Le Blog du Bien-\u00eatre et de la spiritualit\u00e9","og_url":"https:\/\/alais-yoga.fr\/blog\/contactez-nous\/","og_site_name":"Le Blog du Bien-\u00eatre et de la spiritualit\u00e9","article_modified_time":"2019-01-02T14:51:48+00:00","twitter_card":"summary_large_image","schema":{"@context":"https:\/\/schema.org","@graph":[{"@type":"WebSite","@id":"https:\/\/alais-yoga.fr\/blog\/#website","url":"https:\/\/alais-yoga.fr\/blog\/","name":"Le Blog du Bien-\u00eatre et de la spiritualit\u00e9","description":"Bien-\u00eatre, d\u00e9veloppement personnel, d\u00e9c\u00e8s, sant\u00e9, sport, religion...","potentialAction":[{"@type":"SearchAction","target":{"@type":"EntryPoint","urlTemplate":"https:\/\/alais-yoga.fr\/blog\/?s={search_term_string}"},"query-input":"required name=search_term_string"}],"inLanguage":"fr-FR"},{"@type":"WebPage","@id":"https:\/\/alais-yoga.fr\/blog\/contactez-nous\/#webpage","url":"https:\/\/alais-yoga.fr\/blog\/contactez-nous\/","name":"Contactez-nous - Le Blog du Bien-\u00eatre et de la spiritualit\u00e9","isPartOf":{"@id":"https:\/\/alais-yoga.fr\/blog\/#website"},"datePublished":"2018-06-13T14:04:48+00:00","dateModified":"2019-01-02T14:51:48+00:00","breadcrumb":{"@id":"https:\/\/alais-yoga.fr\/blog\/contactez-nous\/#breadcrumb"},"inLanguage":"fr-FR","potentialAction":[{"@type":"ReadAction","target":["https:\/\/alais-yoga.fr\/blog\/contactez-nous\/"]}]},{"@type":"BreadcrumbList","@id":"https:\/\/alais-yoga.fr\/blog\/contactez-nous\/#breadcrumb","itemListElement":[{"@type":"ListItem","position":1,"name":"Accueil","item":"https:\/\/alais-yoga.fr\/blog\/"},{"@type":"ListItem","position":2,"name":"Contactez-nous"}]}]}},"amp_enabled":true,"_links":{"self":[{"href":"https:\/\/alais-yoga.fr\/blog\/wp-json\/wp\/v2\/pages\/40"}],"collection":[{"href":"https:\/\/alais-yoga.fr\/blog\/wp-json\/wp\/v2\/pages"}],"about":[{"href":"https:\/\/alais-yoga.fr\/blog\/wp-json\/wp\/v2\/types\/page"}],"author":[{"embeddable":true,"href":"https:\/\/alais-yoga.fr\/blog\/wp-json\/wp\/v2\/users\/1"}],"replies":[{"embeddable":true,"href":"https:\/\/alais-yoga.fr\/blog\/wp-json\/wp\/v2\/comments?post=40"}],"version-history":[{"count":1,"href":"https:\/\/alais-yoga.fr\/blog\/wp-json\/wp\/v2\/pages\/40\/revisions"}],"predecessor-version":[{"id":41,"href":"https:\/\/alais-yoga.fr\/blog\/wp-json\/wp\/v2\/pages\/40\/revisions\/41"}],"wp:attachment":[{"href":"https:\/\/alais-yoga.fr\/blog\/wp-json\/wp\/v2\/media?parent=40"}],"curies":[{"name":"wp","href":"https:\/\/api.w.org\/{rel}","templated":true}]}}